{"id":2,"date":"2021-05-12T22:19:44","date_gmt":"2021-05-12T20:19:44","guid":{"rendered":"http:\/\/alternativeherblay.fr\/?page_id=2"},"modified":"2021-06-18T14:30:28","modified_gmt":"2021-06-18T12:30:28","slug":"page-notre-projet","status":"publish","type":"page","link":"https:\/\/alternativeherblay.fr\/index.php\/page-notre-projet\/","title":{"rendered":"Notre projet"},"content":{"rendered":"\n<p><strong>Les comp\u00e9tences du Conseil d\u00e9partemental sont souvent m\u00e9connues.<\/strong> Pourtant, le d\u00e9partement intervient dans les coll\u00e8ges, dans l&rsquo;aide sociale, dans l&rsquo;accompagnement lors de la perte d&rsquo;autonomie et soutient vos associations sportives ou culturelles favorites.<br>Au cours des derniers mois, nous avons d\u00e9velopp\u00e9 un programme de rassemblement entre la gauche et les \u00e9cologistes, afin d&rsquo;\u00e9tablir nos priorit\u00e9s pour une<strong> Alternative plus solidaire, plus juste et plus responsable \u00e9cologiquement dans le Val-d&rsquo;Oise.<\/strong><\/p>\n\n\n\n<div class=\"wp-block-buttons\">\n<div class=\"wp-block-button\"><a class=\"wp-block-button__link\" href=\"https:\/\/alternativeherblay.fr\/index.php\/2021\/05\/26\/lalternative-edition-numerique\/\" target=\"_blank\" rel=\"noreferrer noopener\">D\u00e9couvrez notre 12 pages<\/a><\/div>\n<\/div>\n\n\n\n<h2>Une alternative plus solidaire<\/h2>\n\n\n\n<ul><li><span class=\"has-inline-color has-vivid-green-cyan-color\"><strong>Pour la petite enfance :<\/strong><\/span><\/li><\/ul>\n\n\n\n<div class=\"wp-block-columns\">\n<div class=\"wp-block-column\" style=\"flex-basis:66.66%\">\n<p class=\"has-text-align-left\">\u00c0 l\u2019\u00e9chelle nationale comme \u00e0 l\u2019\u00e9chelle d\u00e9partementale, les places disponibles dans les cr\u00e8ches repr\u00e9sentent seulement la moiti\u00e9 des naissances par an. C\u2019est donc presque 50% d\u2019enfants de moins de trois ans qui conna\u00eetront la vie en collectivit\u00e9 plus tardivement que les autres. C\u2019est aussi des parents dans le flou, forc\u00e9s de faire garder leur enfant par des organismes priv\u00e9s (payantes).&nbsp;Nous souhaiterons donc <strong>augmenter le nombre de places en cr\u00e8che publique et le budget de protection maternelle et infantile<\/strong>.<\/p>\n<\/div>\n<\/div>\n\n\n\n<ul><li><strong><span class=\"has-inline-color has-vivid-green-cyan-color\">Pour mieux prot\u00e9ger les enfants en danger :<\/span><\/strong><\/li><\/ul>\n\n\n\n<p><\/p>\n\n\n\n<div class=\"wp-block-columns\">\n<div class=\"wp-block-column\">\n<p>En France, 175 000 enfants sont plac\u00e9s et 300 000 sont suivis par l\u2019Aide sociale \u00e0 l\u2019enfance et chaque d\u00e9partement m\u00e8ne sa propre politique. Il arrive que ces jeunes soient mal encadr\u00e9s et que des fratries soient s\u00e9par\u00e9es, ce que nous trouvons inadmissible ! C\u2019est pourquoi nous solliciterons le <strong>placement stable, s\u00e9curis\u00e9 et sans s\u00e9paration de fratrie ainsi que des \u00abcontrats jeunes majeurs\u00bb<\/strong>, qui leur permettra d\u2019\u00eatre pris en charge jusqu\u2019\u00e0 la fin de leurs \u00e9tudes (moins de 25 ans inclus).<\/p>\n<\/div>\n\n\n\n<div class=\"wp-block-column\">\n<figure class=\"wp-block-image size-large\"><img loading=\"lazy\" width=\"600\" height=\"824\" src=\"https:\/\/alternativeherblay.fr\/wp-content\/uploads\/2021\/05\/Enfantsendanger_visuel1.jpg\" alt=\"\" class=\"wp-image-305\" srcset=\"https:\/\/alternativeherblay.fr\/wp-content\/uploads\/2021\/05\/Enfantsendanger_visuel1.jpg 600w, https:\/\/alternativeherblay.fr\/wp-content\/uploads\/2021\/05\/Enfantsendanger_visuel1-218x300.jpg 218w\" sizes=\"(max-width: 600px) 100vw, 600px\" \/><\/figure>\n<\/div>\n<\/div>\n\n\n\n<ul><li><strong><span class=\"has-inline-color has-vivid-green-cyan-color\">Pour les moins 25 ans :<\/span><\/strong><\/li><\/ul>\n\n\n\n<p>342 \u20ac, c\u2019est le prix \u00e0 payer chaque ann\u00e9e pour que nos enfants puissent aller \u00e9tudier dans leur \u00e9tablissement scolaire. Si vous avez de la chance, votre commune vous accorde une subvention sur la carte Imagine\u2019R. Sinon vous voil\u00e0 avec des frais suppl\u00e9mentaires alors qu\u2019\u00e9tudier devrait \u00eatre gratuit non ? C\u2019est pourquoi nous <strong>demanderons la gratuit\u00e9 des transports scolaires et l\u2019ouverture du RSA aux moins de 25 ans<\/strong>.&nbsp;<\/p>\n\n\n\n<ul><li><strong><span class=\"has-inline-color has-vivid-green-cyan-color\">Pour les femmes :<\/span><\/strong><\/li><\/ul>\n\n\n\n<div class=\"wp-block-columns\">\n<div class=\"wp-block-column\" style=\"flex-basis:66.66%\">\n<p><strong>En France, 213 000 femmes sont victimes de<\/strong> <strong>violences conjugales<\/strong>. Ce nombre doit imp\u00e9rativement r\u00e9duire et notamment dans notre d\u00e9partement ! Ainsi, nous ferons en sorte que le Planning Familial du Val-d\u2019Oise soit r\u00e9ouvert afin de soutenir ces femmes. La cr\u00e9ation de lieux d\u2019\u00e9coute sp\u00e9cialis\u00e9s et de lieux d\u2019h\u00e9bergement d\u2019urgence seront \u00e9galement mis \u00e0 disposition dans l\u2019ensemble du d\u00e9partement.<\/p>\n<\/div>\n\n\n\n<div class=\"wp-block-column\" style=\"flex-basis:33.33%\">\n<figure class=\"wp-block-image size-large is-resized\"><img loading=\"lazy\" src=\"https:\/\/alternativeherblay.fr\/wp-content\/uploads\/2021\/05\/FEMMES-1024x697.png\" alt=\"\" class=\"wp-image-280\" width=\"350\" height=\"238\" srcset=\"https:\/\/alternativeherblay.fr\/wp-content\/uploads\/2021\/05\/FEMMES-1024x697.png 1024w, https:\/\/alternativeherblay.fr\/wp-content\/uploads\/2021\/05\/FEMMES-300x204.png 300w, https:\/\/alternativeherblay.fr\/wp-content\/uploads\/2021\/05\/FEMMES-768x522.png 768w, https:\/\/alternativeherblay.fr\/wp-content\/uploads\/2021\/05\/FEMMES.png 1476w\" sizes=\"(max-width: 350px) 100vw, 350px\" \/><\/figure>\n<\/div>\n<\/div>\n\n\n\n<ul><li><strong><span class=\"has-inline-color has-vivid-green-cyan-color\">Pour les seniors :<\/span><\/strong><\/li><\/ul>\n\n\n\n<p>En France, <strong>un quart des personnes de plus de 75 ans vivent seules<\/strong>, et sont parfois \u00e9loign\u00e9es g\u00e9ographiquement de leurs proches. La solitude en touche certains alors que le maintien du lien social est une cl\u00e9 du bien-vieillir.&nbsp;C\u2019est pourquoi nous souhaiterons mettre en place un <strong>service public d\u2019aide \u00e0 domicile<\/strong> tout en favorisant <strong>l\u2019h\u00e9bergement interg\u00e9n\u00e9rationnel<\/strong>. En effet, les visites r\u00e9guli\u00e8res d\u2019un auxiliaire de vie ou l\u2019h\u00e9bergement d\u2019un \u00e9tudiant chez soi sont l\u2019opportunit\u00e9 de r\u00e9tablir<strong> des interactions sociales.&nbsp;<\/strong><\/p>\n\n\n\n<h2>Une alternative plus juste<\/h2>\n\n\n\n<ul><li><strong><span class=\"has-inline-color has-vivid-green-cyan-color\">Pour l\u2019emploi :<\/span><\/strong><\/li><\/ul>\n\n\n\n<p>Parmi la population active, on compte dans le Val-d&rsquo;Oise 8% de ch\u00f4meurs en 2020. Malgr\u00e9 une baisse du taux de ch\u00f4mage depuis 2018, le Val-d\u2019Oise est class\u00e9 66\u00e8me sur 101 d\u00e9partements fran\u00e7ais dans la <strong>lutte contre le ch\u00f4mage<\/strong>. Une position bien trop faible pour une situation qui touche particuli\u00e8rement nos jeunes.&nbsp;L\u2019<strong>Alternative<\/strong> vise \u00e0 aider et \u00e0 soutenir les ch\u00f4meurs de notre d\u00e9partement avec la <strong>promotion de l\u2019emploi stable et la mise en place du dispositif \u00abterritoires z\u00e9ro ch\u00f4meurs de longue dur\u00e9e\u00bb.<\/strong><\/p>\n\n\n\n<ul><li><strong><span class=\"has-inline-color has-vivid-green-cyan-color\">Pour l&rsquo;\u00e9conomie sociale et solidaire (ESS) :<\/span><\/strong><\/li><\/ul>\n\n\n\n<p>L\u2019ESS rassemble des entreprises et des organisations qui cherchent \u00e0 concilier <strong>activit\u00e9s \u00e9conomiques<\/strong> et <strong>\u00e9quit\u00e9 sociale<\/strong>. Nous aiderons l\u2019\u00e9conomie sociale et solidaire en cr\u00e9ant une aide \u00e0 la cr\u00e9ation de <strong>coop\u00e9ratives et de regroupements associatifs d&rsquo;entrepreneurs.<\/strong> <\/p>\n\n\n\n<ul><li><span class=\"has-inline-color has-vivid-green-cyan-color\"><strong>Pour la culture et le sport :<\/strong><\/span><\/li><\/ul>\n\n\n\n<p>Il est difficile de s\u2019\u00e9panouir correctement dans la vie sans cultures et sans activit\u00e9s sportives. C\u2019est pourquoi nous nous engagerons pour nos jeunes \u00e0 cr\u00e9er un <strong>Pass&rsquo;Sport<\/strong> avec la prise en charge de 50 % d\u2019une licence sportive pour les 6-25 ans en situation de pr\u00e9carit\u00e9 et pour les 6-30 ans en cas de handicap. De m\u00eame, nous favoriserons l\u2019\u00e9ducation populaire en cr\u00e9ant <strong>un Pass\u2019Culture pour faciliter l\u2019acc\u00e8s des jeunes de moins de 25 ans<\/strong> aux activit\u00e9s et enseignements artistiques, et en installant un mus\u00e9e virtuel <strong>Microfolie\u00ae<\/strong> dans le canton.<\/p>\n\n\n\n<h2>Une alternative plus responsable \u00e9cologiquement<\/h2>\n\n\n\n<ul><li><strong><span class=\"has-inline-color has-vivid-green-cyan-color\">Pour encourager le v\u00e9lo :<\/span><\/strong><\/li><\/ul>\n\n\n\n<p>Le v\u00e9lo est un moyen de transport de plus en plus sollicit\u00e9 pour sa praticit\u00e9 et son atout pour l&rsquo;environnement. C&rsquo;est pourquoi nous voulons encourager la pratique du v\u00e9lo et assurer la s\u00e9curit\u00e9 des cyclistes avec des <strong>pistes cyclables inter-gares<\/strong> et la cr\u00e9ation d\u2019un <strong>r\u00e9seau express<\/strong> v\u00e9lo dans le Val-d\u2019Oise. <\/p>\n\n\n\n<ul><li><strong><span class=\"has-inline-color has-vivid-green-cyan-color\">Pour r\u00e9duire la pollution :<\/span><\/strong><\/li><\/ul>\n\n\n\n<p>D\u2019apr\u00e8s L\u2019Internaute, le Val-d\u2019Oise produit 300 \u00b5g\/m3 de monoxyde de carbone, soit environ 10% de plus que l\u2019\u00e9mission produite \u00e0 l&rsquo;\u00e9chelle nationale. C\u2019est un chiffre beaucoup trop \u00e9lev\u00e9. <br>C\u2019est pourquoi notre objectif est alors de <strong>transformer la RD14 et la RD392 en un espace public partag\u00e9<\/strong> pour les personnes \u00e0 pied, \u00e0 v\u00e9lo, en fauteuil roulant, en transport en commun et en voiture. Nous avons aussi pour but d&rsquo;encourager le d\u00e9veloppement du fret par rail et voie fluviale : <strong>une alternative pens\u00e9e pour r\u00e9duire la pollution.<\/strong><\/p>\n\n\n\n<ul><li><strong><span class=\"has-inline-color has-vivid-green-cyan-color\">Pour faire des \u00e9conomies d&rsquo;\u00e9nergie :<\/span><\/strong><\/li><\/ul>\n\n\n\n<p><strong>Faisons des \u00e9conomies d&rsquo;\u00e9nergies !<\/strong> Avec le lancement d\u2019un plan de r\u00e9novation des coll\u00e8ges et des logements sociaux et en luttant contre les passoires \u00e9nerg\u00e9tiques. Pour se faire nous mettrons en place <strong>un pr\u00eat d\u00e9partemental \u00e0 taux z\u00e9ro, une prime pour les travaux d\u2019isolation et de r\u00e9novation thermique tout en d\u00e9veloppant le logement social<\/strong>.<\/p>\n\n\n\n<ul><li><strong><span class=\"has-inline-color has-vivid-green-cyan-color\">Pour une alimentation de qualit\u00e9 :<\/span><\/strong><\/li><\/ul>\n\n\n\n<div class=\"wp-block-columns\">\n<div class=\"wp-block-column\" style=\"flex-basis:66.66%\">\n<div class=\"wp-block-columns\">\n<div class=\"wp-block-column\">\n<p>\u00c0 quoi \u00e7a sert de consommer des produits provenant des quatre coins du monde alors que l&rsquo;on peut en cultiver d\u2019autres pr\u00e8s de chez soi ? <strong>Favorisons ensemble l&rsquo;agriculture biologique et locale !<\/strong> Il nous faut des repas \u00e9quilibr\u00e9s et adapt\u00e9s aux \u00e9l\u00e8ves qui ne consomment pas de viande, en rempla\u00e7ant celle-ci par des aliments qui comportent autant de prot\u00e9ines. Le bio c\u2019est avant tout une alimentation saine, bonne pour la sant\u00e9 ET l\u2019environnement !&nbsp;<br><strong>Vers une alternative v\u00e9g\u00e9tarienne avec une cantine coll\u00e9gienne 100% bio ou locale.<\/strong><\/p>\n<\/div>\n<\/div>\n<\/div>\n\n\n\n<div class=\"wp-block-column\"><\/div>\n\n\n\n<div class=\"wp-block-column\" style=\"flex-basis:33.33%\">\n<figure class=\"wp-block-image size-large is-resized\"><img loading=\"lazy\" src=\"https:\/\/alternativeherblay.fr\/wp-content\/uploads\/2021\/05\/colleges-1024x697.png\" alt=\"\" class=\"wp-image-274\" width=\"328\" height=\"223\" srcset=\"https:\/\/alternativeherblay.fr\/wp-content\/uploads\/2021\/05\/colleges-1024x697.png 1024w, https:\/\/alternativeherblay.fr\/wp-content\/uploads\/2021\/05\/colleges-300x204.png 300w, https:\/\/alternativeherblay.fr\/wp-content\/uploads\/2021\/05\/colleges-768x522.png 768w, https:\/\/alternativeherblay.fr\/wp-content\/uploads\/2021\/05\/colleges.png 1476w\" sizes=\"(max-width: 328px) 100vw, 328px\" \/><\/figure>\n<\/div>\n<\/div>\n\n\n\n<ul><li><strong><span class=\"has-inline-color has-vivid-green-cyan-color\">Pour une alimentation saine :<\/span><\/strong><\/li><\/ul>\n\n\n\n<p>Une bonne <strong>alimentation<\/strong> joue un r\u00f4le essentiel sur notre sant\u00e9. C\u2019est pourquoi, pour<strong> favoriser l\u2019agriculture locale<\/strong> et la sant\u00e9 des valdoisiennes et des valdoisiens, nous cr\u00e9erons <strong>des bons alimentaires, fl\u00e9ch\u00e9s \u00ab bien manger local \u00bb.<\/strong><\/p>\n\n\n\n<div class=\"wp-block-buttons\">\n<div class=\"wp-block-button\"><a class=\"wp-block-button__link\"><\/a><\/div>\n<\/div>\n","protected":false},"excerpt":{"rendered":"<p>Les comp\u00e9tences du Conseil d\u00e9partemental sont souvent m\u00e9connues. Pourtant, le d\u00e9partement intervient dans les coll\u00e8ges, dans l&rsquo;aide sociale, dans l&rsquo;accompagnement lors de la perte d&rsquo;autonomie et soutient vos associations sportives ou culturelles favorites.Au cours des derniers mois, nous avons d\u00e9velopp\u00e9 un programme de rassemblement entre la gauche et les \u00e9cologistes, afin d&rsquo;\u00e9tablir nos priorit\u00e9s pour &hellip;<\/p>\n<p class=\"read-more\"> <a class=\"\" href=\"https:\/\/alternativeherblay.fr\/index.php\/page-notre-projet\/\"> <span class=\"screen-reader-text\">Notre projet<\/span> Lire la suite\u00a0\u00bb<\/a><\/p>\n","protected":false},"author":6,"featured_media":0,"parent":0,"menu_order":0,"comment_status":"closed","ping_status":"open","template":"","meta":{"site-sidebar-layout":"default","site-content-layout":"default","ast-main-header-display":"","ast-hfb-above-header-display":"","ast-hfb-below-header-display":"","ast-hfb-mobile-header-display":"","site-post-title":"","ast-breadcrumbs-content":"","ast-featured-img":"","footer-sml-layout":"","theme-transparent-header-meta":"default","adv-header-id-meta":"","stick-header-meta":"","header-above-stick-meta":"","header-main-stick-meta":"","header-below-stick-meta":"","spay_email":""},"jetpack_shortlink":"https:\/\/wp.me\/Pd3Rnj-2","jetpack_sharing_enabled":true,"jetpack_likes_enabled":true,"_links":{"self":[{"href":"https:\/\/alternativeherblay.fr\/index.php\/wp-json\/wp\/v2\/pages\/2"}],"collection":[{"href":"https:\/\/alternativeherblay.fr\/index.php\/wp-json\/wp\/v2\/pages"}],"about":[{"href":"https:\/\/alternativeherblay.fr\/index.php\/wp-json\/wp\/v2\/types\/page"}],"author":[{"embeddable":true,"href":"https:\/\/alternativeherblay.fr\/index.php\/wp-json\/wp\/v2\/users\/6"}],"replies":[{"embeddable":true,"href":"https:\/\/alternativeherblay.fr\/index.php\/wp-json\/wp\/v2\/comments?post=2"}],"version-history":[{"count":49,"href":"https:\/\/alternativeherblay.fr\/index.php\/wp-json\/wp\/v2\/pages\/2\/revisions"}],"predecessor-version":[{"id":442,"href":"https:\/\/alternativeherblay.fr\/index.php\/wp-json\/wp\/v2\/pages\/2\/revisions\/442"}],"wp:attachment":[{"href":"https:\/\/alternativeherblay.fr\/index.php\/wp-json\/wp\/v2\/media?parent=2"}],"curies":[{"name":"wp","href":"https:\/\/api.w.org\/{rel}","templated":true}]}}