{"id":10,"date":"2021-05-12T22:38:30","date_gmt":"2021-05-12T20:38:30","guid":{"rendered":"http:\/\/alternativeherblay.fr\/?page_id=10"},"modified":"2021-05-29T15:25:32","modified_gmt":"2021-05-29T13:25:32","slug":"les-candidat-es","status":"publish","type":"page","link":"https:\/\/alternativeherblay.fr\/index.php\/les-candidat-es\/","title":{"rendered":"Qui sommes-nous ?"},"content":{"rendered":"\n<h3>La candidate et le candidat<\/h3>\n\n\n\n<div class=\"wp-block-media-text alignwide is-stacked-on-mobile\" style=\"grid-template-columns:27% auto\"><figure class=\"wp-block-media-text__media\"><img loading=\"lazy\" width=\"768\" height=\"1024\" src=\"https:\/\/alternativeherblay.fr\/wp-content\/uploads\/2021\/05\/LB-3-768x1024.png\" alt=\"\" class=\"wp-image-128 size-full\" srcset=\"https:\/\/alternativeherblay.fr\/wp-content\/uploads\/2021\/05\/LB-3-768x1024.png 768w, https:\/\/alternativeherblay.fr\/wp-content\/uploads\/2021\/05\/LB-3-225x300.png 225w, https:\/\/alternativeherblay.fr\/wp-content\/uploads\/2021\/05\/LB-3-1152x1536.png 1152w, https:\/\/alternativeherblay.fr\/wp-content\/uploads\/2021\/05\/LB-3.png 1417w\" sizes=\"(max-width: 768px) 100vw, 768px\" \/><\/figure><div class=\"wp-block-media-text__content\">\n<p>\u00ab <em>Cadre sup\u00e9rieure, je me pr\u00e9sente pour la premi\u00e8re fois \u00e0 un mandat \u00e9lectorale. Membre de l&rsquo;Assembl\u00e9e des Femmes, je suis engag\u00e9e aupr\u00e8s d&rsquo;associations depuis mes 14 ans. Personnellement touch\u00e9e par le handicap, les discriminations, l&rsquo;aide \u00e0 l&rsquo;enfance et les droits sociaux font partie de mes domaines d&rsquo;expertises.<\/em> \u00bb<\/p>\n\n\n\n<p><span class=\"has-inline-color has-light-green-cyan-color\"><strong>Laure Botella, 29 ans &#8211; Candidate<\/strong><\/span><\/p>\n<\/div><\/div>\n\n\n\n<h2><\/h2>\n\n\n\n<div class=\"wp-block-media-text alignwide has-media-on-the-right is-stacked-on-mobile\" style=\"grid-template-columns:auto 27%\"><figure class=\"wp-block-media-text__media\"><img loading=\"lazy\" width=\"768\" height=\"1024\" src=\"https:\/\/alternativeherblay.fr\/wp-content\/uploads\/2021\/05\/GB-1-768x1024.png\" alt=\"\" class=\"wp-image-133 size-full\" srcset=\"https:\/\/alternativeherblay.fr\/wp-content\/uploads\/2021\/05\/GB-1-768x1024.png 768w, https:\/\/alternativeherblay.fr\/wp-content\/uploads\/2021\/05\/GB-1-225x300.png 225w, https:\/\/alternativeherblay.fr\/wp-content\/uploads\/2021\/05\/GB-1-1152x1536.png 1152w, https:\/\/alternativeherblay.fr\/wp-content\/uploads\/2021\/05\/GB-1.png 1417w\" sizes=\"(max-width: 768px) 100vw, 768px\" \/><\/figure><div class=\"wp-block-media-text__content\">\n<p>\u00ab<em> Ignymontain depuis 45 ans, je suis attach\u00e9 \u00e0 ce canton et \u00e0 son cadre de vie. Enseignant, je m&rsquo;int\u00e9resse aux questions \u00e9ducatives, sportives et sociales. Je suis \u00e9galement investi dans les associations de parents d&rsquo;\u00e9l\u00e8ves, afin de d\u00e9fendre l&rsquo;\u00e9galit\u00e9 des chances et pour que l&rsquo;\u00e9ducation soit au centre des priorit\u00e9s politiques. <\/em>\u00bb<\/p>\n\n\n\n<p><strong><span class=\"has-inline-color has-light-green-cyan-color\">G\u00e9rald Bouteill\u00e9, 51 ans &#8211; Candidat<\/span><\/strong><\/p>\n<\/div><\/div>\n\n\n\n<p><\/p>\n\n\n\n<h3>La rempla\u00e7ante et le rempla\u00e7ant<\/h3>\n\n\n\n<div class=\"wp-block-media-text alignwide is-stacked-on-mobile\" style=\"grid-template-columns:26% auto\"><figure class=\"wp-block-media-text__media\"><img loading=\"lazy\" width=\"768\" height=\"1024\" src=\"https:\/\/alternativeherblay.fr\/wp-content\/uploads\/2021\/05\/CT-1-768x1024.png\" alt=\"\" class=\"wp-image-132 size-full\" srcset=\"https:\/\/alternativeherblay.fr\/wp-content\/uploads\/2021\/05\/CT-1-768x1024.png 768w, https:\/\/alternativeherblay.fr\/wp-content\/uploads\/2021\/05\/CT-1-225x300.png 225w, https:\/\/alternativeherblay.fr\/wp-content\/uploads\/2021\/05\/CT-1-1152x1536.png 1152w, https:\/\/alternativeherblay.fr\/wp-content\/uploads\/2021\/05\/CT-1.png 1417w\" sizes=\"(max-width: 768px) 100vw, 768px\" \/><\/figure><div class=\"wp-block-media-text__content\">\n<p>\u00ab<em> Aujourd&rsquo;hui retrait\u00e9e, j&rsquo;ai travaill\u00e9 en collectivit\u00e9 territoriale et toujours particip\u00e9 \u00e0 la vie associative de Montigny-l\u00e8s-Cormeilles. J&rsquo;ai \u00e0 c\u0153ur la qualit\u00e9 de vie de ma ville et de ses environs. <\/em>\u00bb<\/p>\n\n\n\n<p><strong><span class=\"has-inline-color has-light-green-cyan-color\">Christine Thub\u00e9, 67 ans &#8211; Rempla\u00e7ante <\/span><\/strong><\/p>\n<\/div><\/div>\n\n\n\n<h2><\/h2>\n\n\n\n<div class=\"wp-block-media-text alignwide has-media-on-the-right is-stacked-on-mobile\" style=\"grid-template-columns:auto 27%\"><figure class=\"wp-block-media-text__media\"><img loading=\"lazy\" width=\"768\" height=\"1024\" src=\"https:\/\/alternativeherblay.fr\/wp-content\/uploads\/2021\/05\/OD-1-768x1024.png\" alt=\"\" class=\"wp-image-130 size-full\" srcset=\"https:\/\/alternativeherblay.fr\/wp-content\/uploads\/2021\/05\/OD-1-768x1024.png 768w, https:\/\/alternativeherblay.fr\/wp-content\/uploads\/2021\/05\/OD-1-225x300.png 225w, https:\/\/alternativeherblay.fr\/wp-content\/uploads\/2021\/05\/OD-1-1152x1536.png 1152w, https:\/\/alternativeherblay.fr\/wp-content\/uploads\/2021\/05\/OD-1.png 1417w\" sizes=\"(max-width: 768px) 100vw, 768px\" \/><\/figure><div class=\"wp-block-media-text__content\">\n<p>\u00ab<em> Professeur d&rsquo;histoire et g\u00e9ographie au lyc\u00e9e, je suis conseill\u00e9 municipal de Herblay depuis 2008. Mari\u00e9 et papa de deux enfants, je connais les pr\u00e9occupations de la jeunesse. <\/em>\u00bb<\/p>\n\n\n\n<p><strong><span class=\"has-inline-color has-light-green-cyan-color\">Olivier Dalmont, 48 ans &#8211; Rempla\u00e7ant <\/span><\/strong><\/p>\n<\/div><\/div>\n\n\n\n<p><\/p>\n","protected":false},"excerpt":{"rendered":"<p>La candidate et le candidat \u00ab Cadre sup\u00e9rieure, je me pr\u00e9sente pour la premi\u00e8re fois \u00e0 un mandat \u00e9lectorale. Membre de l&rsquo;Assembl\u00e9e des Femmes, je suis engag\u00e9e aupr\u00e8s d&rsquo;associations depuis mes 14 ans. Personnellement touch\u00e9e par le handicap, les discriminations, l&rsquo;aide \u00e0 l&rsquo;enfance et les droits sociaux font partie de mes domaines d&rsquo;expertises. \u00bb Laure &hellip;<\/p>\n<p class=\"read-more\"> <a class=\"\" href=\"https:\/\/alternativeherblay.fr\/index.php\/les-candidat-es\/\"> <span class=\"screen-reader-text\">Qui sommes-nous ?<\/span> Lire la suite\u00a0\u00bb<\/a><\/p>\n","protected":false},"author":2,"featured_media":0,"parent":0,"menu_order":0,"comment_status":"closed","ping_status":"closed","template":"","meta":{"site-sidebar-layout":"default","site-content-layout":"default","ast-main-header-display":"","ast-hfb-above-header-display":"","ast-hfb-below-header-display":"","ast-hfb-mobile-header-display":"","site-post-title":"","ast-breadcrumbs-content":"","ast-featured-img":"","footer-sml-layout":"","theme-transparent-header-meta":"default","adv-header-id-meta":"","stick-header-meta":"","header-above-stick-meta":"","header-main-stick-meta":"","header-below-stick-meta":"","spay_email":""},"jetpack_shortlink":"https:\/\/wp.me\/Pd3Rnj-a","jetpack_sharing_enabled":true,"jetpack_likes_enabled":true,"_links":{"self":[{"href":"https:\/\/alternativeherblay.fr\/index.php\/wp-json\/wp\/v2\/pages\/10"}],"collection":[{"href":"https:\/\/alternativeherblay.fr\/index.php\/wp-json\/wp\/v2\/pages"}],"about":[{"href":"https:\/\/alternativeherblay.fr\/index.php\/wp-json\/wp\/v2\/types\/page"}],"author":[{"embeddable":true,"href":"https:\/\/alternativeherblay.fr\/index.php\/wp-json\/wp\/v2\/users\/2"}],"replies":[{"embeddable":true,"href":"https:\/\/alternativeherblay.fr\/index.php\/wp-json\/wp\/v2\/comments?post=10"}],"version-history":[{"count":38,"href":"https:\/\/alternativeherblay.fr\/index.php\/wp-json\/wp\/v2\/pages\/10\/revisions"}],"predecessor-version":[{"id":299,"href":"https:\/\/alternativeherblay.fr\/index.php\/wp-json\/wp\/v2\/pages\/10\/revisions\/299"}],"wp:attachment":[{"href":"https:\/\/alternativeherblay.fr\/index.php\/wp-json\/wp\/v2\/media?parent=10"}],"curies":[{"name":"wp","href":"https:\/\/api.w.org\/{rel}","templated":true}]}}